{"id":530,"date":"2024-01-09T06:44:10","date_gmt":"2024-01-09T06:44:10","guid":{"rendered":"https:\/\/kolbaszfesztival.info\/fonyod\/?page_id=530"},"modified":"2025-01-11T19:34:23","modified_gmt":"2025-01-11T19:34:23","slug":"2024-program","status":"publish","type":"page","link":"http:\/\/kolbaszfesztival.info\/fonyod\/2024-program\/","title":{"rendered":"2025 program"},"content":{"rendered":"\n<h2 class=\"wp-block-heading has-text-align-center\"><strong>Nagysz\u00ednpad ( sportcsarnok ) <\/strong><\/h2>\n\n\n\n<pre class=\"wp-block-preformatted\"><\/pre>\n\n\n\n<div class=\"wp-block-media-text is-stacked-on-mobile\"><figure class=\"wp-block-media-text__media\"><\/figure><div class=\"wp-block-media-text__content\">\n<p><\/p>\n<\/div><\/div>\n\n\n\n<p class=\"has-text-align-center\">&nbsp;<\/p>\n\n\n\n<p class=\"has-text-align-center\">P\u00e9ntek<\/p>\n\n\n\n<p class=\"has-text-align-center\">17:00 4S Street koncert<\/p>\n\n\n\n<p class=\"has-text-align-center\">18:45 J\u00f3t\u00e9konys\u00e1gi szt\u00e1r kolb\u00e1szt\u00f6lt\u00e9s<\/p>\n\n\n\n<p class=\"has-text-align-center\">20:30 Warm up : Dj. Forkman<\/p>\n\n\n\n<p class=\"has-text-align-center\">21:00 Delta koncert<\/p>\n\n\n\n<p class=\"has-text-align-center\">22:40 Dj Forkman 80\u2019s 90\u2019s 00\u2019s party<\/p>\n\n\n\n<p class=\"has-text-align-center\">Szombat<\/p>\n\n\n\n<p class=\"has-text-align-center\">10:00 Fony\u00f3di Bety\u00e1rok n\u00e9pt\u00e1nc bemutat\u00f3<\/p>\n\n\n\n<p class=\"has-text-align-center\">10:20 Kolb\u00e1szt\u00f6lt\u0151 verseny megnyit\u00f3ja<\/p>\n\n\n\n<p class=\"has-text-align-center\">11:00 The FreakEnd buli<\/p>\n\n\n\n<p class=\"has-text-align-center\">14:00 Zero Bulizenekar<\/p>\n\n\n\n<p class=\"has-text-align-center\">16:30 Dj.Dominique Fergeteg Party<\/p>\n\n\n\n<p class=\"has-text-align-center\">18:00 Eredm\u00e9nyhirdet\u00e9s<\/p>\n\n\n\n<p class=\"has-text-align-center\">19:00 Kolb\u00e1szok \u00e9jszak\u00e1ja  (18+)<\/p>\n\n\n\n<p class=\"has-text-align-center\">Dj.TIB<\/p>\n\n\n\n<p class=\"has-text-align-center\">Desperado feat Timi<\/p>\n\n\n\n<p class=\"has-text-align-center\">Dr.BRS<\/p>\n\n\n\n<p class=\"has-text-align-center\">Reg\u00e1n Lili<\/p>\n\n\n\n<p class=\"has-text-align-center\">Vas\u00e1rnap<\/p>\n\n\n\n<p class=\"has-text-align-center\">11:00 Balatoni \u00e9s Somogy v\u00e1rmegyei telep\u00fcl\u00e9sek Kolb\u00e1szt\u00f6lt\u0151 versenye<\/p>\n\n\n\n<p class=\"has-text-align-center\">11:00 Megnyit\u00f3<\/p>\n\n\n\n<p class=\"has-text-align-center\">11:15-t\u0151l bemutatkoznak a telep\u00fcl\u00e9sek programokkal<\/p>\n\n\n\n<p class=\"has-text-align-center\">15:00 Dupla K\u00e1V\u00e9<\/p>\n\n\n\n<p class=\"has-text-align-center\">16:00 Eredm\u00e9nyhirdet\u00e9s<\/p>\n\n\n\n<p><\/p>\n\n\n\n<p><\/p>\n\n\n\n<h2 class=\"wp-block-heading has-text-align-center\">Party S\u00e1tor<\/h2>\n\n\n<p class=\"has-text-align-center\">P\u00e9ntek<\/p>\n<p class=\"has-text-align-center\">16:30 Forte Brass Band<\/p>\n<p class=\"has-text-align-center\">18:30 Mandra<\/p>\n<p class=\"has-text-align-center\">20:30 DJ. TIB 80\u2019s 90\u2019s 00\u2019s party<\/p>\n<p class=\"has-text-align-center\">\u00a0<\/p>\n<p class=\"has-text-align-center\">\u00a0<\/p>\n<p class=\"has-text-align-center\">Szombat<\/p>\n<p class=\"has-text-align-center\">10:00 Mark\u00f3 Kriszti\u00e1n Harm\u00f3nika<\/p>\n<p class=\"has-text-align-center\">11:00 Sausage Party<\/p>\n<p class=\"has-text-align-center\">12:30 AwarocK Akusztik<\/p>\n<p class=\"has-text-align-center\">14:00 Peat JR. Best of 2000 party<\/p>\n<p class=\"has-text-align-center\">16:00 Rud\u00e1n Joe Akusztik<\/p>\n<p class=\"has-text-align-center\">18:00 Forte Brass Band<\/p>\n<p class=\"has-text-align-center\">19:00 Sausage Party<\/p>\n<p class=\"has-text-align-center\">\u00a0<\/p>\n<p class=\"has-text-align-center\">\u00a0<\/p>\n<p class=\"has-text-align-center\">\u00a0<\/p>\n<p class=\"has-text-align-center\">Vas\u00e1rnap<\/p>\n<p class=\"has-text-align-center\">11:00 Mark\u00f3 Kriszti\u00e1n harm\u00f3nika<\/p>\n<p class=\"has-text-align-center\">12:00 Tschepen Tam\u00e1s<\/p>\n<p class=\"has-text-align-center\">13:00 B-Tone&amp; M\u00fcller Attila Saxophone live act<\/p>\n<p>\u00a0<\/p>\n<p>\u00a0<\/p>\n<p style=\"text-align: center;\"><img data-recalc-dims=\"1\" fetchpriority=\"high\" decoding=\"async\" class=\"aligncenter wp-image-561 size-large\" src=\"https:\/\/i0.wp.com\/kolbaszfesztival.info\/fonyod\/wp-content\/uploads\/2025\/01\/2025.jpg?resize=740%2C524\" alt=\"\" width=\"740\" height=\"524\" srcset=\"https:\/\/i0.wp.com\/kolbaszfesztival.info\/fonyod\/wp-content\/uploads\/2025\/01\/2025-scaled.jpg?resize=1024%2C725 1024w, https:\/\/i0.wp.com\/kolbaszfesztival.info\/fonyod\/wp-content\/uploads\/2025\/01\/2025-scaled.jpg?resize=300%2C212 300w, https:\/\/i0.wp.com\/kolbaszfesztival.info\/fonyod\/wp-content\/uploads\/2025\/01\/2025-scaled.jpg?resize=768%2C544 768w, https:\/\/i0.wp.com\/kolbaszfesztival.info\/fonyod\/wp-content\/uploads\/2025\/01\/2025-scaled.jpg?resize=1536%2C1087 1536w, https:\/\/i0.wp.com\/kolbaszfesztival.info\/fonyod\/wp-content\/uploads\/2025\/01\/2025-scaled.jpg?resize=2048%2C1450 2048w, https:\/\/i0.wp.com\/kolbaszfesztival.info\/fonyod\/wp-content\/uploads\/2025\/01\/2025-scaled.jpg?resize=1440%2C1019 1440w, https:\/\/i0.wp.com\/kolbaszfesztival.info\/fonyod\/wp-content\/uploads\/2025\/01\/2025-scaled.jpg?w=2220 2220w\" sizes=\"(max-width: 740px) 100vw, 740px\" \/><\/p>","protected":false},"excerpt":{"rendered":"<p>Nagysz\u00ednpad ( sportcsarnok ) &nbsp; P\u00e9ntek 17:00 4S Street koncert 18:45 J\u00f3t\u00e9konys\u00e1gi szt\u00e1r kolb\u00e1szt\u00f6lt\u00e9s 20:30 Warm up : Dj. Forkman 21:00 Delta koncert 22:40 Dj Forkman 80\u2019s 90\u2019s 00\u2019s party Szombat 10:00 Fony\u00f3di Bety\u00e1rok n\u00e9pt\u00e1nc bemutat\u00f3 10:20 Kolb\u00e1szt\u00f6lt\u0151 verseny megnyit\u00f3ja 11:00 The FreakEnd buli 14:00 Zero Bulizenekar 16:30 Dj.Dominique Fergeteg Party 18:00 Eredm\u00e9nyhirdet\u00e9s 19:00 Kolb\u00e1szok [&hellip;]<\/p>\n","protected":false},"author":1,"featured_media":561,"parent":0,"menu_order":0,"comment_status":"closed","ping_status":"closed","template":"","meta":{"jetpack_post_was_ever_published":false,"footnotes":""},"class_list":["post-530","page","type-page","status-publish","has-post-thumbnail","hentry"],"aioseo_notices":[],"jetpack_sharing_enabled":true,"jetpack_shortlink":"https:\/\/wp.me\/P6WGfp-8y","_links":{"self":[{"href":"http:\/\/kolbaszfesztival.info\/fonyod\/wp-json\/wp\/v2\/pages\/530","targetHints":{"allow":["GET"]}}],"collection":[{"href":"http:\/\/kolbaszfesztival.info\/fonyod\/wp-json\/wp\/v2\/pages"}],"about":[{"href":"http:\/\/kolbaszfesztival.info\/fonyod\/wp-json\/wp\/v2\/types\/page"}],"author":[{"embeddable":true,"href":"http:\/\/kolbaszfesztival.info\/fonyod\/wp-json\/wp\/v2\/users\/1"}],"replies":[{"embeddable":true,"href":"http:\/\/kolbaszfesztival.info\/fonyod\/wp-json\/wp\/v2\/comments?post=530"}],"version-history":[{"count":14,"href":"http:\/\/kolbaszfesztival.info\/fonyod\/wp-json\/wp\/v2\/pages\/530\/revisions"}],"predecessor-version":[{"id":579,"href":"http:\/\/kolbaszfesztival.info\/fonyod\/wp-json\/wp\/v2\/pages\/530\/revisions\/579"}],"wp:featuredmedia":[{"embeddable":true,"href":"http:\/\/kolbaszfesztival.info\/fonyod\/wp-json\/wp\/v2\/media\/561"}],"wp:attachment":[{"href":"http:\/\/kolbaszfesztival.info\/fonyod\/wp-json\/wp\/v2\/media?parent=530"}],"curies":[{"name":"wp","href":"https:\/\/api.w.org\/{rel}","templated":true}]}}