{"id":36,"date":"2015-11-13T11:04:44","date_gmt":"2015-11-13T11:04:44","guid":{"rendered":"http:\/\/kolbaszfesztival.info\/fonyod\/?page_id=36"},"modified":"2024-01-11T09:40:39","modified_gmt":"2024-01-11T09:40:39","slug":"kapcsolat","status":"publish","type":"page","link":"http:\/\/kolbaszfesztival.info\/fonyod\/kapcsolat\/","title":{"rendered":"Kapcsolat"},"content":{"rendered":"<p style=\"text-align: center;\">\n<p><img data-recalc-dims=\"1\" fetchpriority=\"high\" decoding=\"async\" class=\"aligncenter size-full wp-image-139\" src=\"https:\/\/i0.wp.com\/kolbaszfesztival.info\/fonyod\/wp-content\/uploads\/2015\/11\/OLDAL.jpg?resize=740%2C274\" alt=\"\" width=\"740\" height=\"274\" srcset=\"https:\/\/i0.wp.com\/kolbaszfesztival.info\/fonyod\/wp-content\/uploads\/2015\/11\/OLDAL.jpg?w=852 852w, https:\/\/i0.wp.com\/kolbaszfesztival.info\/fonyod\/wp-content\/uploads\/2015\/11\/OLDAL.jpg?resize=300%2C111 300w, https:\/\/i0.wp.com\/kolbaszfesztival.info\/fonyod\/wp-content\/uploads\/2015\/11\/OLDAL.jpg?resize=768%2C285 768w\" sizes=\"(max-width: 740px) 100vw, 740px\" \/><\/p>\n<p style=\"text-align: center;\">R\u00e9szletek inform\u00e1ci\u00f3k:<\/p>\n<p style=\"text-align: center;\">fonyod@kolbaszfesztival.info<\/p>\n<p style=\"text-align: center;\">Telefon: 06 30 216 20 78<\/p>\n<p style=\"text-align: center;\">vagy 06 30 356 8677<\/p>\n<p style=\"text-align: center;\">\n","protected":false},"excerpt":{"rendered":"<p>R\u00e9szletek inform\u00e1ci\u00f3k: fonyod@kolbaszfesztival.info Telefon: 06 30 216 20 78 vagy 06 30 356 8677<\/p>\n","protected":false},"author":1,"featured_media":0,"parent":0,"menu_order":0,"comment_status":"closed","ping_status":"closed","template":"","meta":{"jetpack_post_was_ever_published":false,"footnotes":""},"class_list":["post-36","page","type-page","status-publish","hentry"],"aioseo_notices":[],"jetpack_sharing_enabled":true,"jetpack_shortlink":"https:\/\/wp.me\/P6WGfp-A","_links":{"self":[{"href":"http:\/\/kolbaszfesztival.info\/fonyod\/wp-json\/wp\/v2\/pages\/36","targetHints":{"allow":["GET"]}}],"collection":[{"href":"http:\/\/kolbaszfesztival.info\/fonyod\/wp-json\/wp\/v2\/pages"}],"about":[{"href":"http:\/\/kolbaszfesztival.info\/fonyod\/wp-json\/wp\/v2\/types\/page"}],"author":[{"embeddable":true,"href":"http:\/\/kolbaszfesztival.info\/fonyod\/wp-json\/wp\/v2\/users\/1"}],"replies":[{"embeddable":true,"href":"http:\/\/kolbaszfesztival.info\/fonyod\/wp-json\/wp\/v2\/comments?post=36"}],"version-history":[{"count":9,"href":"http:\/\/kolbaszfesztival.info\/fonyod\/wp-json\/wp\/v2\/pages\/36\/revisions"}],"predecessor-version":[{"id":541,"href":"http:\/\/kolbaszfesztival.info\/fonyod\/wp-json\/wp\/v2\/pages\/36\/revisions\/541"}],"wp:attachment":[{"href":"http:\/\/kolbaszfesztival.info\/fonyod\/wp-json\/wp\/v2\/media?parent=36"}],"curies":[{"name":"wp","href":"https:\/\/api.w.org\/{rel}","templated":true}]}}